{"id":503,"date":"2024-04-06T19:24:57","date_gmt":"2024-04-06T17:24:57","guid":{"rendered":"https:\/\/ermet.pl\/?page_id=503"},"modified":"2025-03-11T15:55:20","modified_gmt":"2025-03-11T14:55:20","slug":"budowa-narzedzi","status":"publish","type":"page","link":"https:\/\/ermet.pl\/en\/uslugi-cnc\/budowa-narzedzi\/","title":{"rendered":"Wykrojniki i Formy Wtryskowe"},"content":{"rendered":"<p>Specjalistyczna <strong>Budowa Wykrojnik\u00f3w<\/strong> i <strong>Form Wtryskowych<\/strong> na zam\u00f3wienie. Z <strong>Ermet CNC<\/strong> zyskujesz dost\u0119p do narz\u0119dzi, kt\u00f3re perfekcyjnie pasuj\u0105 do Twoich potrzeb produkcyjnych<\/p>","protected":false},"excerpt":{"rendered":"<p>Specjalistyczna Budowa Wykrojnik\u00f3w i Form Wtryskowych na zam\u00f3wienie. Z Ermet CNC zyskujesz dost\u0119p do narz\u0119dzi, kt\u00f3re perfekcyjnie pasuj\u0105 do Twoich potrzeb produkcyjnych<\/p>","protected":false},"author":1,"featured_media":0,"parent":486,"menu_order":0,"comment_status":"closed","ping_status":"closed","template":"","meta":{"om_disable_all_campaigns":false,"_monsterinsights_skip_tracking":false,"_monsterinsights_sitenote_active":false,"_monsterinsights_sitenote_note":"","_monsterinsights_sitenote_category":0,"_themeisle_gutenberg_block_has_review":false,"footnotes":""},"aioseo_notices":[],"_links":{"self":[{"href":"https:\/\/ermet.pl\/en\/wp-json\/wp\/v2\/pages\/503"}],"collection":[{"href":"https:\/\/ermet.pl\/en\/wp-json\/wp\/v2\/pages"}],"about":[{"href":"https:\/\/ermet.pl\/en\/wp-json\/wp\/v2\/types\/page"}],"author":[{"embeddable":true,"href":"https:\/\/ermet.pl\/en\/wp-json\/wp\/v2\/users\/1"}],"replies":[{"embeddable":true,"href":"https:\/\/ermet.pl\/en\/wp-json\/wp\/v2\/comments?post=503"}],"version-history":[{"count":4,"href":"https:\/\/ermet.pl\/en\/wp-json\/wp\/v2\/pages\/503\/revisions"}],"predecessor-version":[{"id":625,"href":"https:\/\/ermet.pl\/en\/wp-json\/wp\/v2\/pages\/503\/revisions\/625"}],"up":[{"embeddable":true,"href":"https:\/\/ermet.pl\/en\/wp-json\/wp\/v2\/pages\/486"}],"wp:attachment":[{"href":"https:\/\/ermet.pl\/en\/wp-json\/wp\/v2\/media?parent=503"}],"curies":[{"name":"wp","href":"https:\/\/api.w.org\/{rel}","templated":true}]}}