{"id":501,"date":"2024-04-06T19:23:59","date_gmt":"2024-04-06T17:23:59","guid":{"rendered":"https:\/\/ermet.pl\/?page_id=501"},"modified":"2025-03-11T15:55:20","modified_gmt":"2025-03-11T14:55:20","slug":"kompleksowa-obrobka","status":"publish","type":"page","link":"https:\/\/ermet.pl\/en\/uslugi-cnc\/kompleksowa-obrobka\/","title":{"rendered":"COMPLEX PROCESSING"},"content":{"rendered":"<p>Kompleksowa <strong>Obr\u00f3bka CNC<\/strong> oferuj\u0105ca szybkie i efektywne rozwi\u0105zania dla Twoich wymaga\u0144. Nasz zesp\u00f3\u0142 zapewnia wsparcie na ka\u017cdym etapie procesu.<\/p>","protected":false},"excerpt":{"rendered":"<p>Kompleksowa Obr\u00f3bka CNC oferuj\u0105ca szybkie i efektywne rozwi\u0105zania dla Twoich wymaga\u0144. Nasz zesp\u00f3\u0142 zapewnia wsparcie na ka\u017cdym etapie procesu.<\/p>","protected":false},"author":1,"featured_media":0,"parent":486,"menu_order":0,"comment_status":"closed","ping_status":"closed","template":"","meta":{"om_disable_all_campaigns":false,"_monsterinsights_skip_tracking":false,"_monsterinsights_sitenote_active":false,"_monsterinsights_sitenote_note":"","_monsterinsights_sitenote_category":0,"_themeisle_gutenberg_block_has_review":false,"footnotes":""},"aioseo_notices":[],"_links":{"self":[{"href":"https:\/\/ermet.pl\/en\/wp-json\/wp\/v2\/pages\/501"}],"collection":[{"href":"https:\/\/ermet.pl\/en\/wp-json\/wp\/v2\/pages"}],"about":[{"href":"https:\/\/ermet.pl\/en\/wp-json\/wp\/v2\/types\/page"}],"author":[{"embeddable":true,"href":"https:\/\/ermet.pl\/en\/wp-json\/wp\/v2\/users\/1"}],"replies":[{"embeddable":true,"href":"https:\/\/ermet.pl\/en\/wp-json\/wp\/v2\/comments?post=501"}],"version-history":[{"count":3,"href":"https:\/\/ermet.pl\/en\/wp-json\/wp\/v2\/pages\/501\/revisions"}],"predecessor-version":[{"id":622,"href":"https:\/\/ermet.pl\/en\/wp-json\/wp\/v2\/pages\/501\/revisions\/622"}],"up":[{"embeddable":true,"href":"https:\/\/ermet.pl\/en\/wp-json\/wp\/v2\/pages\/486"}],"wp:attachment":[{"href":"https:\/\/ermet.pl\/en\/wp-json\/wp\/v2\/media?parent=501"}],"curies":[{"name":"wp","href":"https:\/\/api.w.org\/{rel}","templated":true}]}}