{"id":499,"date":"2024-04-06T19:21:54","date_gmt":"2024-04-06T17:21:54","guid":{"rendered":"https:\/\/ermet.pl\/?page_id=499"},"modified":"2025-03-11T15:55:20","modified_gmt":"2025-03-11T14:55:20","slug":"uslugi-elektroerozyjne","status":"publish","type":"page","link":"https:\/\/ermet.pl\/en\/uslugi-cnc\/uslugi-elektroerozyjne\/","title":{"rendered":"US\u0141UGI ELEKTROEROZYJNE (WEDM, EDM)"},"content":{"rendered":"<p>Precyzyjne <strong>Us\u0142ugi Elektroerozyjne CNC<\/strong> dla skomplikowanych projekt\u00f3w. W <strong>Ermet CNC<\/strong> stosujemy zaawansowane techniki dla najlepszego efektu ko\u0144cowego.<\/p>","protected":false},"excerpt":{"rendered":"<p>Precyzyjne Us\u0142ugi Elektroerozyjne CNC dla skomplikowanych projekt\u00f3w. W Ermet CNC stosujemy zaawansowane techniki dla najlepszego efektu ko\u0144cowego.<\/p>","protected":false},"author":1,"featured_media":0,"parent":486,"menu_order":0,"comment_status":"closed","ping_status":"closed","template":"","meta":{"om_disable_all_campaigns":false,"_monsterinsights_skip_tracking":false,"_monsterinsights_sitenote_active":false,"_monsterinsights_sitenote_note":"","_monsterinsights_sitenote_category":0,"_themeisle_gutenberg_block_has_review":false,"footnotes":""},"aioseo_notices":[],"_links":{"self":[{"href":"https:\/\/ermet.pl\/en\/wp-json\/wp\/v2\/pages\/499"}],"collection":[{"href":"https:\/\/ermet.pl\/en\/wp-json\/wp\/v2\/pages"}],"about":[{"href":"https:\/\/ermet.pl\/en\/wp-json\/wp\/v2\/types\/page"}],"author":[{"embeddable":true,"href":"https:\/\/ermet.pl\/en\/wp-json\/wp\/v2\/users\/1"}],"replies":[{"embeddable":true,"href":"https:\/\/ermet.pl\/en\/wp-json\/wp\/v2\/comments?post=499"}],"version-history":[{"count":3,"href":"https:\/\/ermet.pl\/en\/wp-json\/wp\/v2\/pages\/499\/revisions"}],"predecessor-version":[{"id":628,"href":"https:\/\/ermet.pl\/en\/wp-json\/wp\/v2\/pages\/499\/revisions\/628"}],"up":[{"embeddable":true,"href":"https:\/\/ermet.pl\/en\/wp-json\/wp\/v2\/pages\/486"}],"wp:attachment":[{"href":"https:\/\/ermet.pl\/en\/wp-json\/wp\/v2\/media?parent=499"}],"curies":[{"name":"wp","href":"https:\/\/api.w.org\/{rel}","templated":true}]}}