{"id":495,"date":"2024-04-06T19:11:43","date_gmt":"2024-04-06T17:11:43","guid":{"rendered":"https:\/\/ermet.pl\/?page_id=495"},"modified":"2025-03-11T15:55:20","modified_gmt":"2025-03-11T14:55:20","slug":"uslugi-skrawaniem","status":"publish","type":"page","link":"https:\/\/ermet.pl\/en\/uslugi-cnc\/uslugi-skrawaniem\/","title":{"rendered":"US\u0141UGI SKRAWANIEM CNC"},"content":{"rendered":"<p>Wysokiej jako\u015bci <strong>Us\u0142ugi Skrawaniem CNC<\/strong>. Oferujemy precyzyjn\u0105 <strong>obr\u00f3bk\u0119 metali<\/strong> i innych materia\u0142\u00f3w, dostosowan\u0105 do indywidualnych potrzeb naszych klient\u00f3w.<\/p>","protected":false},"excerpt":{"rendered":"<p>Wysokiej jako\u015bci Us\u0142ugi Skrawaniem CNC. Oferujemy precyzyjn\u0105 obr\u00f3bk\u0119 metali i innych materia\u0142\u00f3w, dostosowan\u0105 do indywidualnych potrzeb naszych klient\u00f3w.<\/p>","protected":false},"author":1,"featured_media":0,"parent":486,"menu_order":0,"comment_status":"closed","ping_status":"closed","template":"","meta":{"om_disable_all_campaigns":false,"_monsterinsights_skip_tracking":false,"_monsterinsights_sitenote_active":false,"_monsterinsights_sitenote_note":"","_monsterinsights_sitenote_category":0,"_themeisle_gutenberg_block_has_review":false,"footnotes":""},"aioseo_notices":[],"_links":{"self":[{"href":"https:\/\/ermet.pl\/en\/wp-json\/wp\/v2\/pages\/495"}],"collection":[{"href":"https:\/\/ermet.pl\/en\/wp-json\/wp\/v2\/pages"}],"about":[{"href":"https:\/\/ermet.pl\/en\/wp-json\/wp\/v2\/types\/page"}],"author":[{"embeddable":true,"href":"https:\/\/ermet.pl\/en\/wp-json\/wp\/v2\/users\/1"}],"replies":[{"embeddable":true,"href":"https:\/\/ermet.pl\/en\/wp-json\/wp\/v2\/comments?post=495"}],"version-history":[{"count":2,"href":"https:\/\/ermet.pl\/en\/wp-json\/wp\/v2\/pages\/495\/revisions"}],"predecessor-version":[{"id":626,"href":"https:\/\/ermet.pl\/en\/wp-json\/wp\/v2\/pages\/495\/revisions\/626"}],"up":[{"embeddable":true,"href":"https:\/\/ermet.pl\/en\/wp-json\/wp\/v2\/pages\/486"}],"wp:attachment":[{"href":"https:\/\/ermet.pl\/en\/wp-json\/wp\/v2\/media?parent=495"}],"curies":[{"name":"wp","href":"https:\/\/api.w.org\/{rel}","templated":true}]}}