{"id":492,"date":"2024-04-06T19:07:55","date_gmt":"2024-04-06T17:07:55","guid":{"rendered":"https:\/\/ermet.pl\/?page_id=492"},"modified":"2025-03-11T15:55:20","modified_gmt":"2025-03-11T14:55:20","slug":"blog","status":"publish","type":"page","link":"https:\/\/ermet.pl\/en\/blog\/","title":{"rendered":"BLOG"},"content":{"rendered":"<div class=\"wp-block-themeisle-blocks-posts-grid\" id=\"wp-block-themeisle-blocks-posts-grid-91cd844a\"><div class=\"o-featured-container\"><div class=\"o-featured-post\"><div class=\"o-posts-grid-post-image\"><a href=\"https:\/\/ermet.pl\/en\/skaner-3d\/\"><img loading=\"lazy\" decoding=\"async\" width=\"900\" height=\"675\" src=\"https:\/\/ermet.pl\/wp-content\/uploads\/2020\/06\/skaner-3D-scaled-e1594141298340.jpeg\" class=\"attachment-full size-full\" alt=\"Skaner 3D modeluj\u0105cy obiekt na biurku obok laptopa z otwartym oprogramowaniem CAD\" \/><\/a><\/div><div class=\"o-posts-grid-post-body\"><span class=\"o-posts-grid-post-category\"><a href=\"https:\/\/ermet.pl\/en\/category\/pl\/\">pl<\/a><\/span><h5 class=\"o-posts-grid-post-title\"><a href=\"https:\/\/ermet.pl\/en\/skaner-3d\/\">Skaner 3D<\/a><\/h5><p class=\"o-posts-grid-post-meta\">Posted on <time datetime=\"2020-07-07T19:05:10+02:00\">7 July 2020<\/time> by <a href=\"https:\/\/ermet.pl\/en\/author\/admin\/\">admin<\/a><\/p><div class=\"o-posts-grid-post-description\"><p>Serdecznie zapraszamy do skorzystania z naszej us\u0142ugi precyzyjnego skanowania 3D detali najnowszymi \u2026<\/p><\/div><\/div><\/div><\/div><div class=\"is-list\"><div class=\"o-posts-grid-post-blog o-posts-grid-post-plain\"><div class=\"o-posts-grid-post\"><div class=\"o-posts-grid-post-image\"><a href=\"https:\/\/ermet.pl\/en\/ermet-for-all\/\"><img loading=\"lazy\" decoding=\"async\" width=\"900\" height=\"675\" src=\"https:\/\/ermet.pl\/wp-content\/uploads\/2020\/06\/skaner-3D-scaled-e1594141298340.jpeg\" class=\"attachment-full size-full\" alt=\"Skaner 3D modeluj\u0105cy obiekt na biurku obok laptopa z otwartym oprogramowaniem CAD\" \/><\/a><\/div><div class=\"o-posts-grid-post-body\"><span class=\"o-posts-grid-post-category\"><a href=\"https:\/\/ermet.pl\/en\/category\/en\/\">en<\/a><\/span><h5 class=\"o-posts-grid-post-title\"><a href=\"https:\/\/ermet.pl\/en\/ermet-for-all\/\">3D Scanner<\/a><\/h5><p class=\"o-posts-grid-post-meta\">Posted on <time datetime=\"2020-06-16T23:00:28+02:00\">16 June 2020<\/time> by <a href=\"https:\/\/ermet.pl\/en\/author\/admin\/\">admin<\/a><\/p><div class=\"o-posts-grid-post-description\"><p>We invite you to take advantage of our new, precise 3D scanning service with the latest devices made\u2026<\/p><\/div><\/div><\/div><\/div><div class=\"o-posts-grid-post-blog o-posts-grid-post-plain\"><div class=\"o-posts-grid-post\"><div class=\"o-posts-grid-post-image\"><a href=\"https:\/\/ermet.pl\/en\/nowy-art-w-en\/\"><img loading=\"lazy\" decoding=\"async\" width=\"900\" height=\"489\" src=\"https:\/\/ermet.pl\/wp-content\/uploads\/2020\/06\/laser-blog.jpg\" class=\"attachment-full size-full\" alt=\"Grawerowanie laserowe logo na metalowej p\u0142ytce\" srcset=\"https:\/\/ermet.pl\/wp-content\/uploads\/2020\/06\/laser-blog.jpg 900w, https:\/\/ermet.pl\/wp-content\/uploads\/2020\/06\/laser-blog-300x163.jpg 300w, https:\/\/ermet.pl\/wp-content\/uploads\/2020\/06\/laser-blog-768x417.jpg 768w\" sizes=\"(max-width: 900px) 100vw, 900px\" \/><\/a><\/div><div class=\"o-posts-grid-post-body\"><span class=\"o-posts-grid-post-category\"><a href=\"https:\/\/ermet.pl\/en\/category\/en\/\">en<\/a><\/span><h5 class=\"o-posts-grid-post-title\"><a href=\"https:\/\/ermet.pl\/en\/nowy-art-w-en\/\">Datalogic laser &#8211; marking of details from various metal alloys<\/a><\/h5><p class=\"o-posts-grid-post-meta\">Posted on <time datetime=\"2020-06-16T22:57:10+02:00\">16 June 2020<\/time> by <a href=\"https:\/\/ermet.pl\/en\/author\/admin\/\">admin<\/a><\/p><div class=\"o-posts-grid-post-description\"><p>Our company allows you to mark the parts made with the symbol or number and even the customer&#039;s comp\u2026<\/p><\/div><\/div><\/div><\/div><div class=\"o-posts-grid-post-blog o-posts-grid-post-plain\"><div class=\"o-posts-grid-post\"><div class=\"o-posts-grid-post-image\"><a href=\"https:\/\/ermet.pl\/en\/comprehensive-processing\/\"><img loading=\"lazy\" decoding=\"async\" width=\"900\" height=\"598\" src=\"https:\/\/ermet.pl\/wp-content\/uploads\/2020\/06\/kompleksowaobrobka1.jpg\" class=\"attachment-full size-full\" alt=\"\" srcset=\"https:\/\/ermet.pl\/wp-content\/uploads\/2020\/06\/kompleksowaobrobka1.jpg 900w, https:\/\/ermet.pl\/wp-content\/uploads\/2020\/06\/kompleksowaobrobka1-300x199.jpg 300w, https:\/\/ermet.pl\/wp-content\/uploads\/2020\/06\/kompleksowaobrobka1-768x510.jpg 768w\" sizes=\"(max-width: 900px) 100vw, 900px\" \/><\/a><\/div><div class=\"o-posts-grid-post-body\"><span class=\"o-posts-grid-post-category\"><a href=\"https:\/\/ermet.pl\/en\/category\/en\/\">en<\/a><\/span><h5 class=\"o-posts-grid-post-title\"><a href=\"https:\/\/ermet.pl\/en\/comprehensive-processing\/\">Comprehensive processing<\/a><\/h5><p class=\"o-posts-grid-post-meta\">Posted on <time datetime=\"2020-06-16T21:43:02+02:00\">16 June 2020<\/time> by <a href=\"https:\/\/ermet.pl\/en\/author\/admin\/\">admin<\/a><\/p><div class=\"o-posts-grid-post-description\"><p>The biggest advantage of our company is making parts comprehensively.<\/p><\/div><\/div><\/div><\/div><div class=\"o-posts-grid-post-blog o-posts-grid-post-plain\"><div class=\"o-posts-grid-post\"><div class=\"o-posts-grid-post-image\"><a href=\"https:\/\/ermet.pl\/en\/uslugi-ermet-dla-wszystkich\/\"><img loading=\"lazy\" decoding=\"async\" width=\"900\" height=\"747\" src=\"https:\/\/ermet.pl\/wp-content\/uploads\/2020\/06\/drazenie-e1592545309948.jpg\" class=\"attachment-full size-full\" alt=\"\" \/><\/a><\/div><div class=\"o-posts-grid-post-body\"><span class=\"o-posts-grid-post-category\"><a href=\"https:\/\/ermet.pl\/en\/category\/pl\/\">pl<\/a><\/span><h5 class=\"o-posts-grid-post-title\"><a href=\"https:\/\/ermet.pl\/en\/uslugi-ermet-dla-wszystkich\/\">Us\u0142ugi Ermet dla Wszystkich<\/a><\/h5><p class=\"o-posts-grid-post-meta\">Posted on <time datetime=\"2020-06-16T21:16:30+02:00\">16 June 2020<\/time> by <a href=\"https:\/\/ermet.pl\/en\/author\/admin\/\">admin<\/a><\/p><div class=\"o-posts-grid-post-description\"><p>Serdecznie zapraszamy do zapoznania si\u0119 z ofert\u0105 firmy Ermet.<\/p><\/div><\/div><\/div><\/div><\/div> <\/div>\r\n\r\n\r\n<div class=\"wp-block-group is-layout-constrained wp-block-group-is-layout-constrained\">Discover knowledge in the field of <strong>CNC machining<\/strong> - latest articles, case studies and technological innovations in our blog <strong>Ermet CNC<\/strong>. Stay up to date with industry trends!<\/div>","protected":false},"excerpt":{"rendered":"<p>Odkryj wiedz\u0119 z zakresu obr\u00f3bki CNC &#8211; najnowsze artyku\u0142y, case studies i innowacje technologiczne w naszym Blogu Ermet CNC. B\u0105d\u017a na bie\u017c\u0105co z trendami w przemy\u015ble!<\/p>","protected":false},"author":1,"featured_media":0,"parent":0,"menu_order":0,"comment_status":"closed","ping_status":"closed","template":"","meta":{"om_disable_all_campaigns":false,"_monsterinsights_skip_tracking":false,"_monsterinsights_sitenote_active":false,"_monsterinsights_sitenote_note":"","_monsterinsights_sitenote_category":0,"_themeisle_gutenberg_block_has_review":false,"footnotes":""},"aioseo_notices":[],"_links":{"self":[{"href":"https:\/\/ermet.pl\/en\/wp-json\/wp\/v2\/pages\/492"}],"collection":[{"href":"https:\/\/ermet.pl\/en\/wp-json\/wp\/v2\/pages"}],"about":[{"href":"https:\/\/ermet.pl\/en\/wp-json\/wp\/v2\/types\/page"}],"author":[{"embeddable":true,"href":"https:\/\/ermet.pl\/en\/wp-json\/wp\/v2\/users\/1"}],"replies":[{"embeddable":true,"href":"https:\/\/ermet.pl\/en\/wp-json\/wp\/v2\/comments?post=492"}],"version-history":[{"count":3,"href":"https:\/\/ermet.pl\/en\/wp-json\/wp\/v2\/pages\/492\/revisions"}],"predecessor-version":[{"id":611,"href":"https:\/\/ermet.pl\/en\/wp-json\/wp\/v2\/pages\/492\/revisions\/611"}],"wp:attachment":[{"href":"https:\/\/ermet.pl\/en\/wp-json\/wp\/v2\/media?parent=492"}],"curies":[{"name":"wp","href":"https:\/\/api.w.org\/{rel}","templated":true}]}}