{"id":489,"date":"2024-04-06T19:04:53","date_gmt":"2024-04-06T17:04:53","guid":{"rendered":"https:\/\/ermet.pl\/?page_id=489"},"modified":"2025-03-11T15:55:20","modified_gmt":"2025-03-11T14:55:20","slug":"cennik","status":"publish","type":"page","link":"https:\/\/ermet.pl\/en\/cennik\/","title":{"rendered":"PRICE LIST"},"content":{"rendered":"<p>Sprawd\u017a aktualny cennik<strong> us\u0142ug CNC<\/strong> na <strong>Ermet<\/strong>. Oferujemy konkurencyjne <strong>ceny frezowania<\/strong>, <strong>rolling stock<\/strong> oraz <strong>elektrodr\u0105\u017cenia<\/strong> z gwarancj\u0105 najwy\u017cszej jako\u015bci i precyzji.<\/p>","protected":false},"excerpt":{"rendered":"<p>Sprawd\u017a aktualny cennik us\u0142ug CNC na Ermet. Oferujemy konkurencyjne ceny frezowania, toczenia oraz elektrodr\u0105\u017cenia z gwarancj\u0105 najwy\u017cszej jako\u015bci i precyzji.<\/p>","protected":false},"author":1,"featured_media":0,"parent":0,"menu_order":0,"comment_status":"closed","ping_status":"closed","template":"","meta":{"om_disable_all_campaigns":false,"_monsterinsights_skip_tracking":false,"_monsterinsights_sitenote_active":false,"_monsterinsights_sitenote_note":"","_monsterinsights_sitenote_category":0,"_themeisle_gutenberg_block_has_review":false,"footnotes":""},"aioseo_notices":[],"_links":{"self":[{"href":"https:\/\/ermet.pl\/en\/wp-json\/wp\/v2\/pages\/489"}],"collection":[{"href":"https:\/\/ermet.pl\/en\/wp-json\/wp\/v2\/pages"}],"about":[{"href":"https:\/\/ermet.pl\/en\/wp-json\/wp\/v2\/types\/page"}],"author":[{"embeddable":true,"href":"https:\/\/ermet.pl\/en\/wp-json\/wp\/v2\/users\/1"}],"replies":[{"embeddable":true,"href":"https:\/\/ermet.pl\/en\/wp-json\/wp\/v2\/comments?post=489"}],"version-history":[{"count":5,"href":"https:\/\/ermet.pl\/en\/wp-json\/wp\/v2\/pages\/489\/revisions"}],"predecessor-version":[{"id":610,"href":"https:\/\/ermet.pl\/en\/wp-json\/wp\/v2\/pages\/489\/revisions\/610"}],"wp:attachment":[{"href":"https:\/\/ermet.pl\/en\/wp-json\/wp\/v2\/media?parent=489"}],"curies":[{"name":"wp","href":"https:\/\/api.w.org\/{rel}","templated":true}]}}