{"id":486,"date":"2024-04-06T19:02:25","date_gmt":"2024-04-06T17:02:25","guid":{"rendered":"https:\/\/ermet.pl\/?page_id=486"},"modified":"2025-03-11T15:55:20","modified_gmt":"2025-03-11T14:55:20","slug":"uslugi-cnc","status":"publish","type":"page","link":"https:\/\/ermet.pl\/en\/uslugi-cnc\/","title":{"rendered":"CNC SERVICES"},"content":{"rendered":"<p>Kompleksowe <strong>Us\u0142ugi CNC<\/strong> &#8211; od projektu po wykonanie. W <strong>Ermet CNC<\/strong> specjalizujemy si\u0119 w <strong>frezowaniu<\/strong>,<strong> toczeniu<\/strong>, i <strong>elektrodr\u0105\u017ceniu<\/strong>. Odkryj nasze mo\u017cliwo\u015bci!<\/p>","protected":false},"excerpt":{"rendered":"<p>Kompleksowe Us\u0142ugi CNC &#8211; od projektu po wykonanie. W Ermet CNC specjalizujemy si\u0119 w frezowaniu, toczeniu, i elektrodr\u0105\u017ceniu. Odkryj nasze mo\u017cliwo\u015bci!<\/p>","protected":false},"author":1,"featured_media":0,"parent":0,"menu_order":0,"comment_status":"closed","ping_status":"closed","template":"","meta":{"om_disable_all_campaigns":false,"_monsterinsights_skip_tracking":false,"_monsterinsights_sitenote_active":false,"_monsterinsights_sitenote_note":"","_monsterinsights_sitenote_category":0,"_themeisle_gutenberg_block_has_review":false,"footnotes":""},"aioseo_notices":[],"_links":{"self":[{"href":"https:\/\/ermet.pl\/en\/wp-json\/wp\/v2\/pages\/486"}],"collection":[{"href":"https:\/\/ermet.pl\/en\/wp-json\/wp\/v2\/pages"}],"about":[{"href":"https:\/\/ermet.pl\/en\/wp-json\/wp\/v2\/types\/page"}],"author":[{"embeddable":true,"href":"https:\/\/ermet.pl\/en\/wp-json\/wp\/v2\/users\/1"}],"replies":[{"embeddable":true,"href":"https:\/\/ermet.pl\/en\/wp-json\/wp\/v2\/comments?post=486"}],"version-history":[{"count":4,"href":"https:\/\/ermet.pl\/en\/wp-json\/wp\/v2\/pages\/486\/revisions"}],"predecessor-version":[{"id":619,"href":"https:\/\/ermet.pl\/en\/wp-json\/wp\/v2\/pages\/486\/revisions\/619"}],"wp:attachment":[{"href":"https:\/\/ermet.pl\/en\/wp-json\/wp\/v2\/media?parent=486"}],"curies":[{"name":"wp","href":"https:\/\/api.w.org\/{rel}","templated":true}]}}