{"id":28,"date":"2020-05-22T22:39:00","date_gmt":"2020-05-22T20:39:00","guid":{"rendered":"http:\/\/ermet.pl?page_id=28"},"modified":"2025-03-11T15:55:20","modified_gmt":"2025-03-11T14:55:20","slug":"park-maszynowy","status":"publish","type":"page","link":"https:\/\/ermet.pl\/en\/park-maszynowy\/","title":{"rendered":"Park maszynowy"},"content":{"rendered":"<p>Nasz nowoczesny <strong>Park Maszynowy<\/strong> to serce naszych <strong>us\u0142ug CNC.<\/strong> Wykorzystujemy zaawansowane technologie, aby zapewni\u0107 najlepsz\u0105 jako\u015b\u0107 i precyzj\u0119 obr\u00f3bki<\/p>","protected":false},"excerpt":{"rendered":"<p>Nasz nowoczesny Park Maszynowy to serce naszych us\u0142ug CNC. Wykorzystujemy zaawansowane technologie, aby zapewni\u0107 najlepsz\u0105 jako\u015b\u0107 i precyzj\u0119 obr\u00f3bki<\/p>","protected":false},"author":1,"featured_media":0,"parent":0,"menu_order":0,"comment_status":"closed","ping_status":"closed","template":"","meta":{"om_disable_all_campaigns":false,"_monsterinsights_skip_tracking":false,"_monsterinsights_sitenote_active":false,"_monsterinsights_sitenote_note":"","_monsterinsights_sitenote_category":0,"_themeisle_gutenberg_block_has_review":false,"footnotes":""},"aioseo_notices":[],"_links":{"self":[{"href":"https:\/\/ermet.pl\/en\/wp-json\/wp\/v2\/pages\/28"}],"collection":[{"href":"https:\/\/ermet.pl\/en\/wp-json\/wp\/v2\/pages"}],"about":[{"href":"https:\/\/ermet.pl\/en\/wp-json\/wp\/v2\/types\/page"}],"author":[{"embeddable":true,"href":"https:\/\/ermet.pl\/en\/wp-json\/wp\/v2\/users\/1"}],"replies":[{"embeddable":true,"href":"https:\/\/ermet.pl\/en\/wp-json\/wp\/v2\/comments?post=28"}],"version-history":[{"count":16,"href":"https:\/\/ermet.pl\/en\/wp-json\/wp\/v2\/pages\/28\/revisions"}],"predecessor-version":[{"id":617,"href":"https:\/\/ermet.pl\/en\/wp-json\/wp\/v2\/pages\/28\/revisions\/617"}],"wp:attachment":[{"href":"https:\/\/ermet.pl\/en\/wp-json\/wp\/v2\/media?parent=28"}],"curies":[{"name":"wp","href":"https:\/\/api.w.org\/{rel}","templated":true}]}}