{"id":24,"date":"2020-05-22T22:31:54","date_gmt":"2020-05-22T20:31:54","guid":{"rendered":"http:\/\/ermet.pl?page_id=24"},"modified":"2025-03-11T15:55:20","modified_gmt":"2025-03-11T14:55:20","slug":"o-firmie","status":"publish","type":"page","link":"https:\/\/ermet.pl\/en\/o-firmie\/","title":{"rendered":"O firmie"},"content":{"rendered":"<p>Dowiedz si\u0119 wi\u0119cej o <strong>Ermet CNC <\/strong>liderze w \u015bwiadczeniu <strong>us\u0142ug CNC<\/strong>.Poznaj nasz\u0105 histori\u0119, misj\u0119 i warto\u015bci, kt\u00f3re kieruj\u0105 nasz\u0105 codzienn\u0105 prac\u0105 dla Twojego sukcesu.<\/p>","protected":false},"excerpt":{"rendered":"<p>Witamy w firmie ERMET S.C.<\/p>","protected":false},"author":1,"featured_media":90,"parent":0,"menu_order":0,"comment_status":"closed","ping_status":"closed","template":"","meta":{"om_disable_all_campaigns":false,"_monsterinsights_skip_tracking":false,"_monsterinsights_sitenote_active":false,"_monsterinsights_sitenote_note":"","_monsterinsights_sitenote_category":0,"_themeisle_gutenberg_block_has_review":false,"footnotes":""},"aioseo_notices":[],"_links":{"self":[{"href":"https:\/\/ermet.pl\/en\/wp-json\/wp\/v2\/pages\/24"}],"collection":[{"href":"https:\/\/ermet.pl\/en\/wp-json\/wp\/v2\/pages"}],"about":[{"href":"https:\/\/ermet.pl\/en\/wp-json\/wp\/v2\/types\/page"}],"author":[{"embeddable":true,"href":"https:\/\/ermet.pl\/en\/wp-json\/wp\/v2\/users\/1"}],"replies":[{"embeddable":true,"href":"https:\/\/ermet.pl\/en\/wp-json\/wp\/v2\/comments?post=24"}],"version-history":[{"count":11,"href":"https:\/\/ermet.pl\/en\/wp-json\/wp\/v2\/pages\/24\/revisions"}],"predecessor-version":[{"id":615,"href":"https:\/\/ermet.pl\/en\/wp-json\/wp\/v2\/pages\/24\/revisions\/615"}],"wp:featuredmedia":[{"embeddable":true,"href":"https:\/\/ermet.pl\/en\/wp-json\/wp\/v2\/media\/90"}],"wp:attachment":[{"href":"https:\/\/ermet.pl\/en\/wp-json\/wp\/v2\/media?parent=24"}],"curies":[{"name":"wp","href":"https:\/\/api.w.org\/{rel}","templated":true}]}}