{"id":20,"date":"2020-05-22T22:28:33","date_gmt":"2020-05-22T20:28:33","guid":{"rendered":"http:\/\/ermet.pl?page_id=20"},"modified":"2025-03-11T15:55:20","modified_gmt":"2025-03-11T14:55:20","slug":"galeria","status":"publish","type":"page","link":"https:\/\/ermet.pl\/en\/galeria\/","title":{"rendered":"Gallery"},"content":{"rendered":"<p>Przejrzyj nasz\u0105 Galeri\u0119 i zobacz przyk\u0142ady projekt\u00f3w wykonanych przez <strong>Ermet CNC<\/strong>. Jako\u015b\u0107, precyzja i dba\u0142o\u015b\u0107 o szczeg\u00f3\u0142y widoczna w ka\u017cdym wyrobie!<\/p>","protected":false},"excerpt":{"rendered":"<p>Nasza galeria<\/p>","protected":false},"author":1,"featured_media":0,"parent":0,"menu_order":0,"comment_status":"closed","ping_status":"closed","template":"","meta":{"om_disable_all_campaigns":false,"_monsterinsights_skip_tracking":false,"_monsterinsights_sitenote_active":false,"_monsterinsights_sitenote_note":"","_monsterinsights_sitenote_category":0,"_themeisle_gutenberg_block_has_review":false,"footnotes":""},"aioseo_notices":[],"_links":{"self":[{"href":"https:\/\/ermet.pl\/en\/wp-json\/wp\/v2\/pages\/20"}],"collection":[{"href":"https:\/\/ermet.pl\/en\/wp-json\/wp\/v2\/pages"}],"about":[{"href":"https:\/\/ermet.pl\/en\/wp-json\/wp\/v2\/types\/page"}],"author":[{"embeddable":true,"href":"https:\/\/ermet.pl\/en\/wp-json\/wp\/v2\/users\/1"}],"replies":[{"embeddable":true,"href":"https:\/\/ermet.pl\/en\/wp-json\/wp\/v2\/comments?post=20"}],"version-history":[{"count":7,"href":"https:\/\/ermet.pl\/en\/wp-json\/wp\/v2\/pages\/20\/revisions"}],"predecessor-version":[{"id":612,"href":"https:\/\/ermet.pl\/en\/wp-json\/wp\/v2\/pages\/20\/revisions\/612"}],"wp:attachment":[{"href":"https:\/\/ermet.pl\/en\/wp-json\/wp\/v2\/media?parent=20"}],"curies":[{"name":"wp","href":"https:\/\/api.w.org\/{rel}","templated":true}]}}