{"id":10,"date":"2020-05-22T22:06:24","date_gmt":"2020-05-22T20:06:24","guid":{"rendered":"http:\/\/ermet.pl?page_id=10"},"modified":"2025-03-11T15:55:20","modified_gmt":"2025-03-11T14:55:20","slug":"kontakt-2","status":"publish","type":"page","link":"https:\/\/ermet.pl\/en\/kontakt-2\/","title":{"rendered":"Contact"},"content":{"rendered":"<p>Masz pytania dotycz\u0105ce <strong>us\u0142ug CNC<\/strong>? Skontaktuj si\u0119 z nami! Zesp\u00f3\u0142 <strong>Ermet CNC<\/strong> jest gotowy, aby odpowiedzie\u0107 na Twoje zapytania i pom\u00f3c w realizacji Twojego projektu.<\/p>","protected":false},"excerpt":{"rendered":"<p>Masz pytania dotycz\u0105ce us\u0142ug CNC? Skontaktuj si\u0119 z nami! Zesp\u00f3\u0142 Ermet CNC jest gotowy, aby odpowiedzie\u0107 na Twoje zapytania i pom\u00f3c w realizacji Twojego projektu.<\/p>","protected":false},"author":1,"featured_media":0,"parent":0,"menu_order":0,"comment_status":"closed","ping_status":"closed","template":"template-blank","meta":{"om_disable_all_campaigns":false,"_monsterinsights_skip_tracking":false,"_monsterinsights_sitenote_active":false,"_monsterinsights_sitenote_note":"","_monsterinsights_sitenote_category":0,"_themeisle_gutenberg_block_has_review":false,"footnotes":""},"aioseo_notices":[],"_links":{"self":[{"href":"https:\/\/ermet.pl\/en\/wp-json\/wp\/v2\/pages\/10"}],"collection":[{"href":"https:\/\/ermet.pl\/en\/wp-json\/wp\/v2\/pages"}],"about":[{"href":"https:\/\/ermet.pl\/en\/wp-json\/wp\/v2\/types\/page"}],"author":[{"embeddable":true,"href":"https:\/\/ermet.pl\/en\/wp-json\/wp\/v2\/users\/1"}],"replies":[{"embeddable":true,"href":"https:\/\/ermet.pl\/en\/wp-json\/wp\/v2\/comments?post=10"}],"version-history":[{"count":3,"href":"https:\/\/ermet.pl\/en\/wp-json\/wp\/v2\/pages\/10\/revisions"}],"predecessor-version":[{"id":614,"href":"https:\/\/ermet.pl\/en\/wp-json\/wp\/v2\/pages\/10\/revisions\/614"}],"wp:attachment":[{"href":"https:\/\/ermet.pl\/en\/wp-json\/wp\/v2\/media?parent=10"}],"curies":[{"name":"wp","href":"https:\/\/api.w.org\/{rel}","templated":true}]}}